{"id":39,"date":"2024-06-06T11:44:38","date_gmt":"2024-06-06T11:44:38","guid":{"rendered":"https:\/\/demosites.royal-elementor-addons.com\/business-consulting-v2\/?page_id=39"},"modified":"2025-08-24T20:11:13","modified_gmt":"2025-08-24T20:11:13","slug":"contacto","status":"publish","type":"page","link":"https:\/\/vantagemfiscal.pt\/index.php\/contacto\/","title":{"rendered":"Contacto"},"content":{"rendered":"\t\t<div data-elementor-type=\"wp-page\" data-elementor-id=\"39\" class=\"elementor elementor-39\">\n\t\t\t\t<div class=\"elementor-element elementor-element-3ec9d4c e-flex e-con-boxed wpr-particle-no wpr-jarallax-no wpr-parallax-no wpr-sticky-section-no e-con e-parent\" data-id=\"3ec9d4c\" data-element_type=\"container\" data-settings=\"{&quot;background_background&quot;:&quot;classic&quot;}\">\n\t\t\t\t\t<div class=\"e-con-inner\">\n\t\t\t\t<div class=\"elementor-element elementor-element-ca8ee06 elementor-invisible elementor-widget elementor-widget-heading\" data-id=\"ca8ee06\" data-element_type=\"widget\" data-settings=\"{&quot;_animation&quot;:&quot;fadeIn&quot;}\" data-widget_type=\"heading.default\">\n\t\t\t\t\t<h1 class=\"elementor-heading-title elementor-size-default\">Contacto<\/h1>\t\t\t\t<\/div>\n\t\t\t\t\t<\/div>\n\t\t\t\t<\/div>\n\t\t<div class=\"elementor-element elementor-element-8979742 e-flex e-con-boxed wpr-particle-no wpr-jarallax-no wpr-parallax-no wpr-sticky-section-no e-con e-parent\" data-id=\"8979742\" data-element_type=\"container\">\n\t\t\t\t\t<div class=\"e-con-inner\">\n\t\t<div class=\"elementor-element elementor-element-7514238 e-flex e-con-boxed wpr-particle-no wpr-jarallax-no wpr-parallax-no wpr-sticky-section-no elementor-invisible e-con e-child\" data-id=\"7514238\" data-element_type=\"container\" data-settings=\"{&quot;animation&quot;:&quot;slideInLeft&quot;}\">\n\t\t\t\t\t<div class=\"e-con-inner\">\n\t\t\t\t<div class=\"elementor-element elementor-element-7a7a0a8 elementor-widget elementor-widget-heading\" data-id=\"7a7a0a8\" data-element_type=\"widget\" data-widget_type=\"heading.default\">\n\t\t\t\t\t<h2 class=\"elementor-heading-title elementor-size-default\">Entra em contacto connosco e come\u00e7a a transformar o teu neg\u00f3cio.<\/h2>\t\t\t\t<\/div>\n\t\t<div class=\"elementor-element elementor-element-dee3153 e-flex e-con-boxed wpr-particle-no wpr-jarallax-no wpr-parallax-no wpr-sticky-section-no e-con e-child\" data-id=\"dee3153\" data-element_type=\"container\">\n\t\t\t\t\t<div class=\"e-con-inner\">\n\t\t<div class=\"elementor-element elementor-element-8068421 e-con-full e-flex wpr-particle-no wpr-jarallax-no wpr-parallax-no wpr-sticky-section-no e-con e-child\" data-id=\"8068421\" data-element_type=\"container\">\n\t\t\t\t<div class=\"elementor-element elementor-element-ec3f6c1 elementor-widget elementor-widget-text-editor\" data-id=\"ec3f6c1\" data-element_type=\"widget\" data-widget_type=\"text-editor.default\">\n\t\t\t\t\t\t\t\t\t<p>Estamos aqui para ajudar-te a alcan\u00e7ar os teus objetivos e transformar o teu neg\u00f3cio. Entra em contacto connosco de forma simples, r\u00e1pida e sem complica\u00e7\u00f5es, s\u00f3 solu\u00e7\u00f5es claras e personalizadas. Vamos reunir!<\/p><div>\u00a0<\/div><div>\u00a0<\/div><div>\u00a0<\/div><div>\u00a0<\/div>\t\t\t\t\t\t\t\t<\/div>\n\t\t\t\t<div class=\"elementor-element elementor-element-9957d92 elementor-widget elementor-widget-heading\" data-id=\"9957d92\" data-element_type=\"widget\" data-widget_type=\"heading.default\">\n\t\t\t\t\t<h2 class=\"elementor-heading-title elementor-size-default\">Lisboa, Portugal<\/h2>\t\t\t\t<\/div>\n\t\t\t\t<div class=\"elementor-element elementor-element-957a161 elementor-widget-divider--view-line elementor-widget elementor-widget-divider\" data-id=\"957a161\" data-element_type=\"widget\" data-widget_type=\"divider.default\">\n\t\t\t\t\t\t\t<div class=\"elementor-divider\">\n\t\t\t<span class=\"elementor-divider-separator\">\n\t\t\t\t\t\t<\/span>\n\t\t<\/div>\n\t\t\t\t\t\t<\/div>\n\t\t\t\t<div class=\"elementor-element elementor-element-164cefd elementor-icon-list--layout-traditional elementor-list-item-link-full_width elementor-widget elementor-widget-icon-list\" data-id=\"164cefd\" data-element_type=\"widget\" data-widget_type=\"icon-list.default\">\n\t\t\t\t\t\t\t<ul class=\"elementor-icon-list-items\">\n\t\t\t\t\t\t\t<li class=\"elementor-icon-list-item\">\n\t\t\t\t\t\t\t\t\t\t\t<span class=\"elementor-icon-list-icon\">\n\t\t\t\t\t\t\t<svg aria-hidden=\"true\" class=\"e-font-icon-svg e-fas-phone-alt\" viewBox=\"0 0 512 512\" xmlns=\"http:\/\/www.w3.org\/2000\/svg\"><path d=\"M497.39 361.8l-112-48a24 24 0 0 0-28 6.9l-49.6 60.6A370.66 370.66 0 0 1 130.6 204.11l60.6-49.6a23.94 23.94 0 0 0 6.9-28l-48-112A24.16 24.16 0 0 0 122.6.61l-104 24A24 24 0 0 0 0 48c0 256.5 207.9 464 464 464a24 24 0 0 0 23.4-18.6l24-104a24.29 24.29 0 0 0-14.01-27.6z\"><\/path><\/svg>\t\t\t\t\t\t<\/span>\n\t\t\t\t\t\t\t\t\t\t<span class=\"elementor-icon-list-text\">00351 919 783 075<\/span>\n\t\t\t\t\t\t\t\t\t<\/li>\n\t\t\t\t\t\t\t\t<li class=\"elementor-icon-list-item\">\n\t\t\t\t\t\t\t\t\t\t\t<span class=\"elementor-icon-list-icon\">\n\t\t\t\t\t\t\t<svg aria-hidden=\"true\" class=\"e-font-icon-svg e-fas-envelope\" viewBox=\"0 0 512 512\" xmlns=\"http:\/\/www.w3.org\/2000\/svg\"><path d=\"M502.3 190.8c3.9-3.1 9.7-.2 9.7 4.7V400c0 26.5-21.5 48-48 48H48c-26.5 0-48-21.5-48-48V195.6c0-5 5.7-7.8 9.7-4.7 22.4 17.4 52.1 39.5 154.1 113.6 21.1 15.4 56.7 47.8 92.2 47.6 35.7.3 72-32.8 92.3-47.6 102-74.1 131.6-96.3 154-113.7zM256 320c23.2.4 56.6-29.2 73.4-41.4 132.7-96.3 142.8-104.7 173.4-128.7 5.8-4.5 9.2-11.5 9.2-18.9v-19c0-26.5-21.5-48-48-48H48C21.5 64 0 85.5 0 112v19c0 7.4 3.4 14.3 9.2 18.9 30.6 23.9 40.7 32.4 173.4 128.7 16.8 12.2 50.2 41.8 73.4 41.4z\"><\/path><\/svg>\t\t\t\t\t\t<\/span>\n\t\t\t\t\t\t\t\t\t\t<span class=\"elementor-icon-list-text\">geral@vantagemfiscal.pt<\/span>\n\t\t\t\t\t\t\t\t\t<\/li>\n\t\t\t\t\t\t\t\t<li class=\"elementor-icon-list-item\">\n\t\t\t\t\t\t\t\t\t\t\t<span class=\"elementor-icon-list-icon\">\n\t\t\t\t\t\t\t<svg aria-hidden=\"true\" class=\"e-font-icon-svg e-fas-map-marker-alt\" viewBox=\"0 0 384 512\" xmlns=\"http:\/\/www.w3.org\/2000\/svg\"><path d=\"M172.268 501.67C26.97 291.031 0 269.413 0 192 0 85.961 85.961 0 192 0s192 85.961 192 192c0 77.413-26.97 99.031-172.268 309.67-9.535 13.774-29.93 13.773-39.464 0zM192 272c44.183 0 80-35.817 80-80s-35.817-80-80-80-80 35.817-80 80 35.817 80 80 80z\"><\/path><\/svg>\t\t\t\t\t\t<\/span>\n\t\t\t\t\t\t\t\t\t\t<span class=\"elementor-icon-list-text\">Lisboa<\/span>\n\t\t\t\t\t\t\t\t\t<\/li>\n\t\t\t\t\t\t<\/ul>\n\t\t\t\t\t\t<\/div>\n\t\t\t\t<\/div>\n\t\t\t\t\t<\/div>\n\t\t\t\t<\/div>\n\t\t\t\t\t<\/div>\n\t\t\t\t<\/div>\n\t\t<div class=\"elementor-element elementor-element-dd3dc42 e-con-full e-flex wpr-particle-no wpr-jarallax-no wpr-parallax-no wpr-sticky-section-no elementor-invisible e-con e-child\" data-id=\"dd3dc42\" data-element_type=\"container\" data-settings=\"{&quot;animation&quot;:&quot;slideInRight&quot;}\">\n\t\t\t\t<div class=\"elementor-element elementor-element-852e3f1 wpr-step-type-number_text wpr-step-content-layout-vertical wpr-custom-styles-yes elementor-widget elementor-widget-wpr-form-builder\" data-id=\"852e3f1\" data-element_type=\"widget\" data-settings=\"{&quot;success_message&quot;:&quot;Submission successful&quot;,&quot;error_message&quot;:&quot;Please edit this form and setup your Email&quot;,&quot;button_width&quot;:{&quot;unit&quot;:&quot;%&quot;,&quot;size&quot;:100,&quot;sizes&quot;:[]},&quot;button_width_laptop&quot;:{&quot;unit&quot;:&quot;px&quot;,&quot;size&quot;:&quot;&quot;,&quot;sizes&quot;:[]},&quot;button_width_tablet&quot;:{&quot;unit&quot;:&quot;px&quot;,&quot;size&quot;:&quot;&quot;,&quot;sizes&quot;:[]},&quot;button_width_mobile&quot;:{&quot;unit&quot;:&quot;px&quot;,&quot;size&quot;:&quot;&quot;,&quot;sizes&quot;:[]},&quot;step_type&quot;:&quot;number_text&quot;,&quot;step_content_layout&quot;:&quot;vertical&quot;}\" data-widget_type=\"wpr-form-builder.default\">\n\t\t\t\t\t\t\t<form class=\"wpr-form\" method=\"post\" name=\"New Form\" page=\"Contacto\" page_id=\"39\" novalidate>\n\t\t\t<input type=\"hidden\" name=\"post_id\" value=\"39\"\/>\n\t\t\t<input type=\"hidden\" name=\"form_id\" value=\"852e3f1\"\/>\n\t\t\t<input type=\"hidden\" name=\"referer_title\" value=\"\" \/>\n\n\t\t\t<div class=\"wpr-step-wrap\"><\/div>\n\t\t\t<div class=\"wpr-form-fields-wrap wpr-labels-above\">\n\t\t\t\t\t\t\t\t\t<div class=\"wpr-form-field-type-text wpr-field-group wpr-column wpr-field-group-name elementor-repeater-item-6907353 wpr-form-field-required\">\n\t\t\t\t\t\t\t\t\t\t\t\t\t\t<label for=\"form-field-name\" class=\"wpr-form-field-label\">\n\t\t\t\t\t\t\t\t\tNome\t\t\t\t\t\t\t\t<\/label>\n\t\t\t\t\t\t\t<input size=\"1 \"type=\"text\" name=\"form_fields[name]\" id=\"form-field-name\" class=\"wpr-form-field  wpr-form-field-textual\" placeholder=\"Nome\" required=\"required\" aria-required=\"true\">\t\t\t\t\t<\/div>\n\t\t\t\t\t\t\t\t\t<div class=\"wpr-form-field-type-email wpr-field-group wpr-column wpr-field-group-email elementor-repeater-item-d59045c wpr-form-field-required\">\n\t\t\t\t\t\t\t\t\t\t\t\t\t\t<label for=\"form-field-email\" class=\"wpr-form-field-label\">\n\t\t\t\t\t\t\t\t\tEmail\t\t\t\t\t\t\t\t<\/label>\n\t\t\t\t\t\t\t<input size=\"1 \"type=\"email\" name=\"form_fields[email]\" id=\"form-field-email\" class=\"wpr-form-field  wpr-form-field-textual\" placeholder=\"Email\" required=\"required\" aria-required=\"true\">\t\t\t\t\t<\/div>\n\t\t\t\t\t\t\t\t\t<div class=\"wpr-form-field-type-tel wpr-field-group wpr-column wpr-field-group-53dbabf elementor-repeater-item-53dbabf\">\n\t\t\t\t\t\t\t\t\t\t\t\t\t\t<label for=\"form-field-53dbabf\" class=\"wpr-form-field-label\">\n\t\t\t\t\t\t\t\t\tTelefone\t\t\t\t\t\t\t\t<\/label>\n\t\t\t\t\t\t\t<input size=\"1 \"type=\"tel\" name=\"form_fields[53dbabf]\" id=\"form-field-53dbabf\" class=\"wpr-form-field  wpr-form-field-textual\" placeholder=\"Telefone\">\t\t\t\t\t<\/div>\n\t\t\t\t\t\t\t\t\t<div class=\"wpr-form-field-type-select wpr-field-group wpr-column wpr-field-group-420c5dd elementor-repeater-item-420c5dd\">\n\t\t\t\t\t\t\t\t\t\t\t\t\t\t<label for=\"form-field-420c5dd\" class=\"wpr-form-field-label\">\n\t\t\t\t\t\t\t\t\tTema\t\t\t\t\t\t\t\t<\/label>\n\t\t\t\t\t\t\t\t\t<div class=\"wpr-form-field wpr-select-wrap wpr-fi-svg-yes remove-before \">\n\n\t\t\t\t\t\t\t<!-- <svg class=\"e-font-icon-svg e-eicon-caret-down\" viewBox=\"0 0 571.4 1000\" xmlns=\"http:\/\/www.w3.org\/2000\/svg\">\n\t\t\t\t\t<path d=\"M571 457q0-14-10-25l-250-250q-11-11-25-11t-25 11l-250 250q-11 11-11 25t11 25 25 11h500q14 0 25-11t10-25z\"\/>\n\t\t\t\t<\/svg> -->\n\t\t\t\t<!-- <svg class=\"e-font-icon-svg e-eicon-caret-up\" viewBox=\"0 0 1000 1000\" xmlns=\"http:\/\/www.w3.org\/2000\/svg\">\n\t\t\t\t\t<path d=\"M763 279c8-8 8-12 8-25 0-8-4-16-8-25-9-8-13-8-25-8h-459c-8 0-16 4-25 8 0 9-4 17-4 25 0 9 4 17 8 25l230 229c8 5 16 9 25 9 8 0 16-4 25-9l225-229z\"\/>\n\t\t\t\t<\/svg> -->\n\t\t\t\t<!-- <svg class=\"e-font-icon-svg e-eicon-caret-up\" viewBox=\"0 0 1000 500\" xmlns=\"http:\/\/www.w3.org\/2000\/svg\">\n\t\t\t\t\t<path d=\"M763 279c8-8 8-12 8-25 0-8-4-16-8-25-9-8-13-8-25-8h-459c-8 0-16 4-25 8 0 9-4 17-4 25 0 9 4 17 8 25l230 229c8 5 16 9 25 9 8 0 16-4 25-9l225-229z\"\/>\n\t\t\t\t<\/svg> -->\n\t\t\t\t<svg class=\"e-font-icon-svg e-eicon-caret-up\" viewBox=\"0 0 1000 500\" xmlns=\"http:\/\/www.w3.org\/2000\/svg\">\n\t\t\t\t\t<path d=\"M763 279c8-8 8-12 8-25 0-8-4-16-8-25-9-8-13-8-25-8h-459c-8 0-16 4-25 8 0 9-4 17-4 25 0 9 4 17 8 25l230 229c8 5 16 9 25 9 8 0 16-4 25-9l225-229z\"\/>\n\t\t\t\t<\/svg>\n\t\t\t\n\t\t\t<select name=\"form_fields[420c5dd]\" id=\"form-field-420c5dd\" class=\"wpr-form-field-textual\">\n\n\t\t\t\t\t\t\t\t\t<option value=\"Cria\u00e7\u00e3o de Neg\u00f3cios\">\n\t\t\t\t\tCria\u00e7\u00e3o de Neg\u00f3cios\t\t\t\t\t<\/option>\n\t\t\t\t\t\t\t\t\t<option value=\" Servi\u00e7os de Contabilidade\">\n\t\t\t\t\t Servi\u00e7os de Contabilidade\t\t\t\t\t<\/option>\n\t\t\t\t\t\t\t\t\t<option value=\" Gest\u00e3o de Neg\u00f3cios\">\n\t\t\t\t\t Gest\u00e3o de Neg\u00f3cios\t\t\t\t\t<\/option>\n\t\t\t\t\t\t\t\t\t<option value=\" Consultoria Estrat\u00e9gica \">\n\t\t\t\t\t Consultoria Estrat\u00e9gica \t\t\t\t\t<\/option>\n\t\t\t\t\t\t\t\t\t<option value=\" E-Commerce\">\n\t\t\t\t\t E-Commerce\t\t\t\t\t<\/option>\n\t\t\t\t\t\t\t\t\t<option value=\" Outros Assuntos\">\n\t\t\t\t\t Outros Assuntos\t\t\t\t\t<\/option>\n\t\t\t\t\t\t\t<\/select>\n\t\t<\/div>\n\t\t\t\t\t\t\t<\/div>\n\t\t\t\t\t\t\t\t\t<div class=\"wpr-form-field-type-textarea wpr-field-group wpr-column wpr-field-group-message elementor-repeater-item-8c691a6\">\n\t\t\t\t\t\t\t\t\t\t\t\t\t\t<label for=\"form-field-message\" class=\"wpr-form-field-label\">\n\t\t\t\t\t\t\t\t\tMensagem\t\t\t\t\t\t\t\t<\/label>\n\t\t\t\t\t\t\t<textarea class=\"wpr-form-field-textual wpr-form-field \" name=\"form_fields[message]\" id=\"form-field-message\" rows=\"7\" placeholder=\"Mensagem\"><\/textarea>\t\t\t\t\t<\/div>\n\t\t\t\t<div class=\"wpr-field-group wpr-stp-btns-wrap wpr-column wpr-form-field-type-submit\" data-actions=\"[&quot;email&quot;]\" data-redirect-url=\"\" data-mailchimp-fields=\"{&quot;email_field&quot;:&quot;&quot;,&quot;first_name_field&quot;:&quot;&quot;,&quot;last_name_field&quot;:&quot;&quot;,&quot;address_field&quot;:&quot;&quot;,&quot;phone_field&quot;:&quot;&quot;,&quot;birthday_field&quot;:&quot;&quot;,&quot;group_id&quot;:&quot;&quot;}\" data-list-id=\"\">\t\t\t<button type=\"submit\" class=\"wpr-button\">\n\t\t\t\t<span >\n\t\t\t\t\t\t\t\t\t\t\t\t\t\t\t\t<span>Send<\/span>\n\t\t\t\t\t\t\t\t\t\t\t\t\t\t<\/span>\t\n\t\t\t\t<div class=\"wpr-double-bounce wpr-loader-hidden\">\n\t\t\t\t\t<div class=\"wpr-child wpr-double-bounce1\"><\/div>\n\t\t\t\t\t<div class=\"wpr-child wpr-double-bounce2\"><\/div>\n\t\t\t\t<\/div>\n\t\t\t<\/button>\n\t\t<\/div>\t\t\t\t\n\t\t\t<\/div>\n\t\t<\/form>\n\t  \t\t\t\t<\/div>\n\t\t\t\t<\/div>\n\t\t\t\t\t<\/div>\n\t\t\t\t<\/div>\n\t\t\t\t<\/div>\n\t\t","protected":false},"excerpt":{"rendered":"<p>Contacto Entra em contacto connosco e come\u00e7a a transformar o teu neg\u00f3cio. Estamos aqui para ajudar-te a alcan\u00e7ar os teus objetivos e transformar o teu neg\u00f3cio. Entra em contacto connosco de forma simples, r\u00e1pida e sem complica\u00e7\u00f5es, s\u00f3 solu\u00e7\u00f5es claras e personalizadas. Vamos reunir! \u00a0\u00a0\u00a0\u00a0 Lisboa, Portugal 00351 919 783 075 geral@vantagemfiscal.pt Lisboa Nome Email Telefone Tema Cria\u00e7\u00e3o de Neg\u00f3cios Servi\u00e7os de Contabilidade Gest\u00e3o de Neg\u00f3cios Consultoria Estrat\u00e9gica E-Commerce Outros Assuntos Mensagem Send<\/p>\n","protected":false},"author":1,"featured_media":0,"parent":0,"menu_order":0,"comment_status":"closed","ping_status":"closed","template":"elementor_canvas","meta":{"om_disable_all_campaigns":false,"_monsterinsights_skip_tracking":false,"_monsterinsights_sitenote_active":false,"_monsterinsights_sitenote_note":"","_monsterinsights_sitenote_category":0,"footnotes":""},"class_list":["post-39","page","type-page","status-publish","hentry"],"aioseo_notices":[],"_links":{"self":[{"href":"https:\/\/vantagemfiscal.pt\/index.php\/wp-json\/wp\/v2\/pages\/39","targetHints":{"allow":["GET"]}}],"collection":[{"href":"https:\/\/vantagemfiscal.pt\/index.php\/wp-json\/wp\/v2\/pages"}],"about":[{"href":"https:\/\/vantagemfiscal.pt\/index.php\/wp-json\/wp\/v2\/types\/page"}],"author":[{"embeddable":true,"href":"https:\/\/vantagemfiscal.pt\/index.php\/wp-json\/wp\/v2\/users\/1"}],"replies":[{"embeddable":true,"href":"https:\/\/vantagemfiscal.pt\/index.php\/wp-json\/wp\/v2\/comments?post=39"}],"version-history":[{"count":24,"href":"https:\/\/vantagemfiscal.pt\/index.php\/wp-json\/wp\/v2\/pages\/39\/revisions"}],"predecessor-version":[{"id":1744,"href":"https:\/\/vantagemfiscal.pt\/index.php\/wp-json\/wp\/v2\/pages\/39\/revisions\/1744"}],"wp:attachment":[{"href":"https:\/\/vantagemfiscal.pt\/index.php\/wp-json\/wp\/v2\/media?parent=39"}],"curies":[{"name":"wp","href":"https:\/\/api.w.org\/{rel}","templated":true}]}}